{"id":4,"date":"2016-05-17T22:30:39","date_gmt":"2016-05-17T22:30:39","guid":{"rendered":"http:\/\/symbioserh.net\/dev\/?page_id=4"},"modified":"2019-01-17T21:54:55","modified_gmt":"2019-01-17T21:54:55","slug":"equite-salariale","status":"publish","type":"page","link":"https:\/\/symbioserh.net\/en\/equite-salariale\/","title":{"rendered":"(Fran\u00e7ais) \u00c9quit\u00e9 salariale"},"content":{"rendered":"<p class=\"qtranxs-available-languages-message qtranxs-available-languages-message-en\">Sorry, this entry is only available in <a href=\"https:\/\/symbioserh.net\/fr\/wp-json\/wp\/v2\/pages\/4\" class=\"qtranxs-available-language-link qtranxs-available-language-link-fr\" title=\"Fran\u00e7ais\">Fran\u00e7ais<\/a>.<\/p>","protected":false},"excerpt":{"rendered":"<p>Sorry, this entry is only available in Fran\u00e7ais.<\/p>\n","protected":false},"author":1,"featured_media":0,"parent":0,"menu_order":0,"comment_status":"closed","ping_status":"closed","template":"","meta":{"_monsterinsights_skip_tracking":false,"_monsterinsights_sitenote_active":false,"_monsterinsights_sitenote_note":"","_monsterinsights_sitenote_category":0,"footnotes":""},"class_list":["post-4","page","type-page","status-publish","hentry"],"_links":{"self":[{"href":"https:\/\/symbioserh.net\/en\/wp-json\/wp\/v2\/pages\/4","targetHints":{"allow":["GET"]}}],"collection":[{"href":"https:\/\/symbioserh.net\/en\/wp-json\/wp\/v2\/pages"}],"about":[{"href":"https:\/\/symbioserh.net\/en\/wp-json\/wp\/v2\/types\/page"}],"author":[{"embeddable":true,"href":"https:\/\/symbioserh.net\/en\/wp-json\/wp\/v2\/users\/1"}],"replies":[{"embeddable":true,"href":"https:\/\/symbioserh.net\/en\/wp-json\/wp\/v2\/comments?post=4"}],"version-history":[{"count":7,"href":"https:\/\/symbioserh.net\/en\/wp-json\/wp\/v2\/pages\/4\/revisions"}],"predecessor-version":[{"id":136,"href":"https:\/\/symbioserh.net\/en\/wp-json\/wp\/v2\/pages\/4\/revisions\/136"}],"wp:attachment":[{"href":"https:\/\/symbioserh.net\/en\/wp-json\/wp\/v2\/media?parent=4"}],"curies":[{"name":"wp","href":"https:\/\/api.w.org\/{rel}","templated":true}]}}